{"id":21082,"date":"2024-12-04T16:04:00","date_gmt":"2024-12-04T15:04:00","guid":{"rendered":"https:\/\/ebikehps.eu\/?post_type=product&#038;p=21082"},"modified":"2025-11-23T07:05:16","modified_gmt":"2025-11-23T06:05:16","slug":"conversione-e-aggiornamento-e-bike","status":"publish","type":"product","link":"https:\/\/ebikehps.eu\/en\/shop\/hps-services\/conversione-e-aggiornamento-e-bike\/","title":{"rendered":"Conversione e Aggiornamento E-Bike"},"content":{"rendered":"<p><strong>HPS1020HH &#8211; Conversione e Aggiornamento E-Bike<\/strong><\/p>\n<p>Da HPS Racing, offriamo il servizio di conversione e aggiornamento delle biciclette tradizionali in biciclette elettriche (e-bike), personalizzando l\u2019esperienza per ogni cliente. Se hai gi\u00e0 acquistato una bicicletta dal nostro store, possiamo suggerire gli accessori o i ricambi pi\u00f9 adatti per ottimizzare la tua e-bike, migliorandone performance e funzionalit\u00e0. In alternativa, se possiedi una bici tradizionale, ti offriamo la possibilit\u00e0 di trasformarla in un veicolo elettrico tramite un kit di conversione professionale, completo di montaggio e collaudo finale. Con il nostro servizio, potrai godere della comodit\u00e0, della sostenibilit\u00e0 e dell&#8217;efficienza di una bicicletta elettrica senza dover acquistare un nuovo modello. Affidati alla nostra esperienza per un&#8217;upgrade tecnologico che risponde alle tue esigenze!<\/p>","protected":false},"excerpt":{"rendered":"<h3>Conversione e Aggiornamento E-Bike<\/h3>\n<p>Converti o aggiorna la tua bicicletta in un&#8217;e-bike con HPS Racing! Offriamo accessori e ricambi personalizzati per ottimizzare le biciclette acquistate nel nostro store e trasformare una bici tradizionale in una bicicletta elettrica. Servizio di montaggio e collaudo finale incluso.<\/p>\n<p>[formidable id=&#8221;4&#8243; title=&#8221;1&#8243;]<\/p>\n","protected":false},"featured_media":21083,"template":"","meta":[],"product_brand":[],"product_cat":[752],"product_tag":[],"class_list":{"0":"post-21082","1":"product","2":"type-product","3":"status-publish","4":"has-post-thumbnail","6":"product_cat-hps-services","8":"first","9":"instock","10":"sale","11":"virtual","12":"taxable","13":"purchasable","14":"product-type-simple"},"featured_image_urls_v2":{"full":["https:\/\/ebikehps.eu\/wp-content\/uploads\/2024\/12\/25_accessorioebike.jpg",1000,1000,false],"thumbnail":["https:\/\/ebikehps.eu\/wp-content\/uploads\/2024\/12\/25_accessorioebike-150x150.jpg",150,150,true],"medium":["https:\/\/ebikehps.eu\/wp-content\/uploads\/2024\/12\/25_accessorioebike-300x300.jpg",300,300,true],"medium_large":["https:\/\/ebikehps.eu\/wp-content\/uploads\/2024\/12\/25_accessorioebike-768x768.jpg",768,768,true],"large":["https:\/\/ebikehps.eu\/wp-content\/uploads\/2024\/12\/25_accessorioebike.jpg",440,440,false],"1536x1536":["https:\/\/ebikehps.eu\/wp-content\/uploads\/2024\/12\/25_accessorioebike.jpg",1000,1000,false],"2048x2048":["https:\/\/ebikehps.eu\/wp-content\/uploads\/2024\/12\/25_accessorioebike.jpg",1000,1000,false],"trp-custom-language-flag":["https:\/\/ebikehps.eu\/wp-content\/uploads\/2024\/12\/25_accessorioebike-12x12.jpg",12,12,true],"woocommerce_archive_thumbnail":["https:\/\/ebikehps.eu\/wp-content\/uploads\/2024\/12\/25_accessorioebike.jpg",300,300,false],"mailpoet_newsletter_max":["https:\/\/ebikehps.eu\/wp-content\/uploads\/2024\/12\/25_accessorioebike.jpg",1000,1000,false],"woocommerce_thumbnail":["https:\/\/ebikehps.eu\/wp-content\/uploads\/2024\/12\/25_accessorioebike-150x150.jpg",150,150,true],"woocommerce_single":["https:\/\/ebikehps.eu\/wp-content\/uploads\/2024\/12\/25_accessorioebike-400x400.jpg",400,400,true],"woocommerce_gallery_thumbnail":["https:\/\/ebikehps.eu\/wp-content\/uploads\/2024\/12\/25_accessorioebike-100x100.jpg",100,100,true]},"post_excerpt_stackable_v2":"<h3>Conversione e Aggiornamento E-Bike<\/h3>\n<p>Converti o aggiorna la tua bicicletta in un&#8217;e-bike con HPS Racing! Offriamo accessori e ricambi personalizzati per ottimizzare le biciclette acquistate nel nostro store e trasformare una bici tradizionale in una bicicletta elettrica. Servizio di montaggio e collaudo finale incluso.<\/p>\n<p>[formidable id=&#8221;4&#8243; title=&#8221;1&#8243;]<\/p>\n","category_list_v2":"","author_info_v2":{"name":"","url":""},"comments_num_v2":"0 comments","_links":{"self":[{"href":"https:\/\/ebikehps.eu\/en\/wp-json\/wp\/v2\/product\/21082","targetHints":{"allow":["GET"]}}],"collection":[{"href":"https:\/\/ebikehps.eu\/en\/wp-json\/wp\/v2\/product"}],"about":[{"href":"https:\/\/ebikehps.eu\/en\/wp-json\/wp\/v2\/types\/product"}],"wp:featuredmedia":[{"embeddable":true,"href":"https:\/\/ebikehps.eu\/en\/wp-json\/wp\/v2\/media\/21083"}],"wp:attachment":[{"href":"https:\/\/ebikehps.eu\/en\/wp-json\/wp\/v2\/media?parent=21082"}],"wp:term":[{"taxonomy":"product_brand","embeddable":true,"href":"https:\/\/ebikehps.eu\/en\/wp-json\/wp\/v2\/product_brand?post=21082"},{"taxonomy":"product_cat","embeddable":true,"href":"https:\/\/ebikehps.eu\/en\/wp-json\/wp\/v2\/product_cat?post=21082"},{"taxonomy":"product_tag","embeddable":true,"href":"https:\/\/ebikehps.eu\/en\/wp-json\/wp\/v2\/product_tag?post=21082"}],"curies":[{"name":"wp","href":"https:\/\/api.w.org\/{rel}","templated":true}]}}