{"id":27832,"date":"2025-08-20T16:32:00","date_gmt":"2025-08-20T14:32:00","guid":{"rendered":"https:\/\/ebikehps.eu\/?post_type=product&#038;p=27832"},"modified":"2025-12-06T10:54:18","modified_gmt":"2025-12-06T09:54:18","slug":"edk01-display-lcd-can","status":"publish","type":"product","link":"https:\/\/ebikehps.eu\/en\/shop\/ricambi-e-accessori\/display-e-bike\/edk01-display-lcd-can\/","title":{"rendered":"EDK01 Display LCD (CAN)"},"content":{"rendered":"<h2>Display Bluetooth EKD01 2.4&#8243;<\/h2>\n<ul>\n<li><strong>Display LCD a colori<\/strong>: L&#8217;ultimo EKD01 ha uno schermo da 2,4 pollici, supporta 3\/5\/9 livelli PAS e 12\/32\/48\/60 V. Il supporto supporta manubri da 22,2\/25,4 mm. Allo stesso tempo, si tratta di un display eBike multifunzionale che supporta Bluetooth, 8 lingue, navigazione (a pagamento), funzione ODO e porta di ricarica Type-C.<\/li>\n<li><strong>Impermeabile e veloce da installare<\/strong>: il grado di impermeabilit\u00e0 dell&#8217;EKD01 \u00e8 IP56, il display monoblocco per ebike \u00e8 molto facile da installare, basta assicurarsi che il diametro del manubrio sia compreso nell&#8217;intervallo appropriato (22,2 o 25,4 mm). Non \u00e8 nemmeno necessario rimuovere nulla come il freno o l&#8217;acceleratore durante l&#8217;installazione.<\/li>\n<li><strong>Porta di ricarica Type-C integrata<\/strong>: Il display \u00e8 dotato di una porta di ricarica Type-C integrata, che consente di utilizzare il display e la batteria per la ricarica di emergenza quando il telefono sta per spegnersi.<\/li>\n<li><strong>Supporta 8 lingue<\/strong>: EKD01 \u00e8 disponibile in 8 lingue tra cui gli utenti possono scegliere. Accedi al menu &#8220;Lingua&#8221; e seleziona un&#8217;altra lingua.<\/li>\n<li><strong>Supporta l&#8217;app BIKEGO:<\/strong> Dopo aver collegato correttamente il Bluetooth allo schermo, clicca su &#8220;GO&#8221; nell&#8217;interfaccia principale dell&#8217;APP per accedere all&#8217;interfaccia di navigazione e selezionare la destinazione. Una volta avviata la navigazione, il display cambier\u00e0 come segue (la navigazione in tempo reale \u00e8 a pagamento).<\/li>\n<\/ul>","protected":false},"excerpt":{"rendered":"<p>EDK01 Display BAFANG LCD a colori per kit eBike CAN Bafang<\/p>","protected":false},"featured_media":27833,"template":"","meta":[],"product_brand":[1177],"product_cat":[1241],"product_tag":[880,1399,885,1180,1396],"class_list":{"0":"post-27832","1":"product","2":"type-product","3":"status-publish","4":"has-post-thumbnail","6":"product_brand-varstrom","7":"product_cat-display-e-bike","8":"product_tag-bafang","9":"product_tag-can","10":"product_tag-display","11":"product_tag-edk01","12":"product_tag-varstrom","13":"product_shipping_class-standard","15":"first","16":"instock","17":"taxable","18":"shipping-taxable","19":"purchasable","20":"product-type-simple"},"featured_image_urls_v2":{"full":["https:\/\/ebikehps.eu\/wp-content\/uploads\/2025\/08\/edk01-can.png",783,767,false],"thumbnail":["https:\/\/ebikehps.eu\/wp-content\/uploads\/2025\/08\/edk01-can-555x360.png",555,360,true],"medium":["https:\/\/ebikehps.eu\/wp-content\/uploads\/2025\/08\/edk01-can-337x330.png",337,330,true],"medium_large":["https:\/\/ebikehps.eu\/wp-content\/uploads\/2025\/08\/edk01-can-768x752.png",768,752,true],"large":["https:\/\/ebikehps.eu\/wp-content\/uploads\/2025\/08\/edk01-can-449x440.png",449,440,true],"1536x1536":["https:\/\/ebikehps.eu\/wp-content\/uploads\/2025\/08\/edk01-can.png",783,767,false],"2048x2048":["https:\/\/ebikehps.eu\/wp-content\/uploads\/2025\/08\/edk01-can.png",783,767,false],"trp-custom-language-flag":["https:\/\/ebikehps.eu\/wp-content\/uploads\/2025\/08\/edk01-can-12x12.png",12,12,true],"woocommerce_archive_thumbnail":["https:\/\/ebikehps.eu\/wp-content\/uploads\/2025\/08\/edk01-can.png",300,294,false],"mailpoet_newsletter_max":["https:\/\/ebikehps.eu\/wp-content\/uploads\/2025\/08\/edk01-can.png",783,767,false],"woocommerce_thumbnail":["https:\/\/ebikehps.eu\/wp-content\/uploads\/2025\/08\/edk01-can-150x150.png",150,150,true],"woocommerce_single":["https:\/\/ebikehps.eu\/wp-content\/uploads\/2025\/08\/edk01-can-400x392.png",400,392,true],"woocommerce_gallery_thumbnail":["https:\/\/ebikehps.eu\/wp-content\/uploads\/2025\/08\/edk01-can-100x100.png",100,100,true]},"post_excerpt_stackable_v2":"<p>EDK01 Display BAFANG LCD a colori per kit eBike CAN Bafang<\/p>\n","category_list_v2":"","author_info_v2":{"name":"","url":""},"comments_num_v2":"0 comments","_links":{"self":[{"href":"https:\/\/ebikehps.eu\/en\/wp-json\/wp\/v2\/product\/27832","targetHints":{"allow":["GET"]}}],"collection":[{"href":"https:\/\/ebikehps.eu\/en\/wp-json\/wp\/v2\/product"}],"about":[{"href":"https:\/\/ebikehps.eu\/en\/wp-json\/wp\/v2\/types\/product"}],"wp:featuredmedia":[{"embeddable":true,"href":"https:\/\/ebikehps.eu\/en\/wp-json\/wp\/v2\/media\/27833"}],"wp:attachment":[{"href":"https:\/\/ebikehps.eu\/en\/wp-json\/wp\/v2\/media?parent=27832"}],"wp:term":[{"taxonomy":"product_brand","embeddable":true,"href":"https:\/\/ebikehps.eu\/en\/wp-json\/wp\/v2\/product_brand?post=27832"},{"taxonomy":"product_cat","embeddable":true,"href":"https:\/\/ebikehps.eu\/en\/wp-json\/wp\/v2\/product_cat?post=27832"},{"taxonomy":"product_tag","embeddable":true,"href":"https:\/\/ebikehps.eu\/en\/wp-json\/wp\/v2\/product_tag?post=27832"}],"curies":[{"name":"wp","href":"https:\/\/api.w.org\/{rel}","templated":true}]}}