{"id":6651,"date":"2023-07-07T11:01:50","date_gmt":"2023-07-07T11:01:50","guid":{"rendered":"https:\/\/ebikehps.eu\/?post_type=product&#038;p=6651"},"modified":"2025-11-25T20:54:34","modified_gmt":"2025-11-25T19:54:34","slug":"electric-motard-20w","status":"publish","type":"product","link":"https:\/\/ebikehps.eu\/en\/shop\/electric-motorcycles\/electric-motard-20w\/","title":{"rendered":"Electric Motard 20kW"},"content":{"rendered":"<p><strong>HPS1011EB &#8211; Moto Electric Motard Strada 20000 Watt<\/strong><\/p>\n<p>Questa Motard Stradale utilizza motori alimentati a batteria e mirano a fornire percorsi di guida per adolescenti e adulti in cerca di emozioni forti. Le Motard Stradale elettriche possono raggiungere velocit\u00e0 massime simili a quelle delle motociclette alimentate a gas, pur essendo ecologiche.<\/p>\n<p>La Motard Stradale vanta una potenza massima di 72V 20000W, raggiungendo velocit\u00e0 fino a 130 KM\/H. Questa Motard Stradale elettrica \u00e8 progettata con un telaio metallico leggero ma robusto fatto di Q345b e lega di alluminio 6061 forgia, rendendolo resistente e agile sui sentieri. Con un&#8217;altezza del sedile di 900mm, un&#8217;altezza da terra di 318mm e un passo di 1424mm, questa Motard Stradale \u00e8 costruita per il massimo comfort e controllo.<\/p>\n<p>La Motard Stradale \u00e8 alimentata da una batteria al litio CATL 72V 70Ah che pu\u00f2 essere ricaricata completamente in sole 1-6 ore e fornisce una distanza per carica di 170km. Con una corrente di uscita continua di 150Ah e una corrente di uscita di picco di 300Ah, questa Motard Stradale elettrica \u00e8 sicura di fornire la potenza e le prestazioni necessarie per affrontare i terreni pi\u00f9 difficili. La batteria \u00e8 anche sostituibile velocemente, il che significa che puoi sostituirla in soli 60 secondi, assicurandoti di dedicare pi\u00f9 tempo alla guida e meno tempo ad aspettare.<\/p>\n<p>Una delle caratteristiche pi\u00f9 importanti della Motard Stradale \u00e8 il suo avanzato sistema di controllo della trazione, che fornisce al pilota una maggiore stabilit\u00e0 e controllo sui sentieri. La Motard Stradale presenta anche una gamma di modalit\u00e0 di guida e modalit\u00e0 di potenza, consentendo al pilota di personalizzare la propria esperienza in base al proprio livello di abilit\u00e0 e al terreno.<\/p>\n<p>In termini di sicurezza, la Motard Stradale \u00e8 dotata di freni a disco anteriori e posteriori, che forniscono una potenza di arresto affidabile ed efficiente. La Motard Stradale \u00e8 inoltre dotata di un display LCD meter, che fornisce al ciclista tutte le informazioni necessarie di cui ha bisogno durante la guida. Le leve dello sterzo, del freno e della frizione sono realizzate in 7075 in lega di alluminio, rendendole resistenti e leggere.<\/p>","protected":false},"excerpt":{"rendered":"<h3><strong>Electric Motard Strada 20000 Watt<\/strong><\/h3>\n<p>Cambio:\u00a04 velocit\u00e0<br \/>\nMateriale della struttura: Acciaio<br \/>\nFormato della rotella: 18&#8243;<br \/>\nTensione: 72V<br \/>\nAlimentazione elettrica: Batteria al litio<br \/>\nSistema di frenatura: Freno a disco<br \/>\nBattery Capacity: 72V 50Ah (opzione 60Ah 73Ah)<br \/>\nCoppia: 1000 Nm<br \/>\nTempo di carico: &gt; 3 ore<br \/>\nMotor positio: Motore centrale<br \/>\nLa Posizione della batteria: Batteria integrata<br \/>\nLarghezza del pneumatico: 80\/100; 110\/90-18<br \/>\nGamma per potere: &gt; 60 chilometri<br \/>\nVelocit\u00e0 massima: &gt; 50km \/ h<br \/>\nPotenza del motore: 72V 20000W(continuo), 84V 25.2KW(18 secondi)<br \/>\nVelocit\u00e0 massima: 130 KM\/H<br \/>\nCarico Max: 150kg<br \/>\nL * W * H (dimensione della bici): 2120*840*1225mm<br \/>\nInterasse: 1424mm<br \/>\nGamma: 160KM (batteria 73Ah)<br \/>\nCorrente di uscita di picco della batteria: 300A<\/p>","protected":false},"featured_media":19881,"template":"","meta":[],"product_brand":[1245,966],"product_cat":[877],"product_tag":[739,190,967],"class_list":{"0":"post-6651","1":"product","2":"type-product","3":"status-publish","4":"has-post-thumbnail","6":"product_brand-admintjet","7":"product_brand-secutronik","8":"product_cat-electric-motorcycles","9":"product_tag-electric-motorcycle","10":"product_tag-motard","11":"product_tag-moto","12":"product_shipping_class-moto-gabbia","13":"pa_supercross-20000-watt-black-purple","14":"pa_supercross-20000-watt-black-red","15":"pa_supercross-20000-watt-black-yellow","16":"pa_supercross-20000-watt-blackgreen","17":"pa_supercross-20000-watt-whitegreen","19":"first","20":"instock","21":"taxable","22":"shipping-taxable","23":"purchasable","24":"product-type-variable"},"featured_image_urls_v2":{"full":["https:\/\/ebikehps.eu\/wp-content\/uploads\/2023\/07\/24_Motard_d3.jpg",1000,1000,false],"thumbnail":["https:\/\/ebikehps.eu\/wp-content\/uploads\/2023\/07\/24_Motard_d3-150x150.jpg",150,150,true],"medium":["https:\/\/ebikehps.eu\/wp-content\/uploads\/2023\/07\/24_Motard_d3-300x300.jpg",300,300,true],"medium_large":["https:\/\/ebikehps.eu\/wp-content\/uploads\/2023\/07\/24_Motard_d3-768x768.jpg",768,768,true],"large":["https:\/\/ebikehps.eu\/wp-content\/uploads\/2023\/07\/24_Motard_d3.jpg",440,440,false],"1536x1536":["https:\/\/ebikehps.eu\/wp-content\/uploads\/2023\/07\/24_Motard_d3.jpg",1000,1000,false],"2048x2048":["https:\/\/ebikehps.eu\/wp-content\/uploads\/2023\/07\/24_Motard_d3.jpg",1000,1000,false],"trp-custom-language-flag":["https:\/\/ebikehps.eu\/wp-content\/uploads\/2023\/07\/24_Motard_d3-12x12.jpg",12,12,true],"woocommerce_archive_thumbnail":["https:\/\/ebikehps.eu\/wp-content\/uploads\/2023\/07\/24_Motard_d3.jpg",300,300,false],"mailpoet_newsletter_max":["https:\/\/ebikehps.eu\/wp-content\/uploads\/2023\/07\/24_Motard_d3.jpg",1000,1000,false],"woocommerce_thumbnail":["https:\/\/ebikehps.eu\/wp-content\/uploads\/2023\/07\/24_Motard_d3-150x150.jpg",150,150,true],"woocommerce_single":["https:\/\/ebikehps.eu\/wp-content\/uploads\/2023\/07\/24_Motard_d3-400x400.jpg",400,400,true],"woocommerce_gallery_thumbnail":["https:\/\/ebikehps.eu\/wp-content\/uploads\/2023\/07\/24_Motard_d3-100x100.jpg",100,100,true]},"post_excerpt_stackable_v2":"<h3><strong>Electric Motard Strada 20000 Watt<\/strong><\/h3>\n<p>Cambio:\u00a04 velocit\u00e0<br \/>\nMateriale della struttura: Acciaio<br \/>\nFormato della rotella: 18&#8243;<br \/>\nTensione: 72V<br \/>\nAlimentazione elettrica: Batteria al litio<br \/>\nSistema di frenatura: Freno a disco<br \/>\nBattery Capacity: 72V 50Ah (opzione 60Ah 73Ah)<br \/>\nCoppia: 1000 Nm<br \/>\nTempo di carico: &gt; 3 ore<br \/>\nMotor positio: Motore centrale<br \/>\nLa Posizione della batteria: Batteria integrata<br \/>\nLarghezza del pneumatico: 80\/100; 110\/90-18<br \/>\nGamma per potere: &gt; 60 chilometri<br \/>\nVelocit\u00e0 massima: &gt; 50km \/ h<br \/>\nPotenza del motore: 72V 20000W(continuo), 84V 25.2KW(18 secondi)<br \/>\nVelocit\u00e0 massima: 130 KM\/H<br \/>\nCarico Max: 150kg<br \/>\nL * W * H (dimensione della bici): 2120*840*1225mm<br \/>\nInterasse: 1424mm<br \/>\nGamma: 160KM (batteria 73Ah)<br \/>\nCorrente di uscita di picco della batteria: 300A<\/p>\n","category_list_v2":"","author_info_v2":{"name":"","url":""},"comments_num_v2":"0 comments","_links":{"self":[{"href":"https:\/\/ebikehps.eu\/en\/wp-json\/wp\/v2\/product\/6651","targetHints":{"allow":["GET"]}}],"collection":[{"href":"https:\/\/ebikehps.eu\/en\/wp-json\/wp\/v2\/product"}],"about":[{"href":"https:\/\/ebikehps.eu\/en\/wp-json\/wp\/v2\/types\/product"}],"wp:featuredmedia":[{"embeddable":true,"href":"https:\/\/ebikehps.eu\/en\/wp-json\/wp\/v2\/media\/19881"}],"wp:attachment":[{"href":"https:\/\/ebikehps.eu\/en\/wp-json\/wp\/v2\/media?parent=6651"}],"wp:term":[{"taxonomy":"product_brand","embeddable":true,"href":"https:\/\/ebikehps.eu\/en\/wp-json\/wp\/v2\/product_brand?post=6651"},{"taxonomy":"product_cat","embeddable":true,"href":"https:\/\/ebikehps.eu\/en\/wp-json\/wp\/v2\/product_cat?post=6651"},{"taxonomy":"product_tag","embeddable":true,"href":"https:\/\/ebikehps.eu\/en\/wp-json\/wp\/v2\/product_tag?post=6651"}],"curies":[{"name":"wp","href":"https:\/\/api.w.org\/{rel}","templated":true}]}}