{"id":6673,"date":"2023-07-08T07:58:24","date_gmt":"2023-07-08T07:58:24","guid":{"rendered":"https:\/\/ebikehps.eu\/?post_type=product&#038;p=6673"},"modified":"2025-11-25T20:54:33","modified_gmt":"2025-11-25T19:54:33","slug":"surron-x","status":"publish","type":"product","link":"https:\/\/ebikehps.eu\/en\/shop\/electric-motorcycles\/surron-x\/","title":{"rendered":"Surron X Adult"},"content":{"rendered":"<p><strong>HPS1016EB &#8211; Surron X Adult<\/strong><\/p>\n<p><span id=\"tl_3\">Introducendo la Surron X \u00e8 stata\u00a0progettata per gli amanti del brivido e gli appassionati di avventura che bramano prestazioni e affidabilit\u00e0 su terreni accidentati. Questa e-mountain bike all&#8217;avanguardia \u00e8 costruita con un robusto telaio in lega di alluminio e progettata con precisione per affrontare le condizioni pi\u00f9 impegnative del fuoristrada.<\/span><\/p>\n<p><span id=\"tl_4\">Caratteristiche chiave:<\/span><\/p>\n<ul>\n<li><span id=\"tl_5\"><strong>Dimensione e struttura<\/strong>: Con una lunghezza totale di 1870mm, una larghezza di 780mm e un&#8217;altezza di 1040mm, la bici mantiene una forma compatta e manovrabile. \u00c8 dotato di un passo di 1260mm e un peso leggero del veicolo di soli 50kg, garantendo una maneggevolezza agile e un facile controllo.<\/span><\/li>\n<li><span id=\"tl_6\"><strong>Potenza e prestazioni<\/strong>: Dotato di un motore centrale ad alta coppia che raggiunge una potenza massima di 6000W e una velocit\u00e0 massima di 75 km\/h, promette una guida esaltante. La coppia di picco del motore di 250N.m consente capacit\u00e0 di accelerazione e arrampicata impressionanti fino a un angolo di 35 \u00b0.<\/span><\/li>\n<li><span id=\"tl_7\"><strong>Batteria e autonomia<\/strong>: La Surron X \u00e8 alimentata da una batteria al litio da 60V 38.5AH, che offre un&#8217;autonomia significativa fino a 100km con una singola carica, rendendola ideale per percorsi di lunga distanza e avventure prolungate.<\/span><\/li>\n<li><span id=\"tl_8\"><strong>Sospensione e Comfort<\/strong>: Sperimenta un comfort di marcia impareggiabile con una corsa da 200mm sulla forcella anteriore e una sospensione posteriore con ammortizzatore centrale multi-link, perfetta per assorbire dossi e urti su sentieri accidentati.<\/span><\/li>\n<li><span id=\"tl_9\"><strong>Pneumatici e freni<\/strong>: Sfoggia cerchi 19 \u00d7 1.4 con pneumatici 70\/100-19 sia anteriori che posteriori, fornendo un&#8217;eccellente trazione e stabilit\u00e0. La bici \u00e8 dotata di freni a disco idraulici a quattro pistoncini su entrambe le estremit\u00e0, garantendo una potenza di arresto affidabile in tutte le condizioni.<\/span><\/li>\n<li><span id=\"tl_10\"><strong>Funzioni intelligenti<\/strong>: La bici vanta un ECU GPS connesso ai dati, altoparlanti standard europei e uno strumento IBN negativo a cristalli liquidi per dati di guida in tempo reale. La sicurezza \u00e8 migliorata con potenti fari di bicicletta e un sistema di luce di freno\/luce posteriore.<\/span><\/li>\n<li><span id=\"tl_11\"><strong>Convenienza<\/strong>: Una USB-2.1A presa singola \u00e8 disponibile per caricare i dispositivi in movimento e il caricabatterie supporta una corrente e una tensione costanti per una ricarica rapida ed efficiente della batteria.<\/span><\/li>\n<\/ul>\n<p data-spm-anchor-id=\"a2700.details.0.i58.77602c49TL05yu\"><span id=\"tl_12\">Questa Surron X non riguarda solo la potenza; Si tratta anche di resilienza, comfort e tecnologia avanzata, il tutto confezionato in un design elegante. Che tu stia navigando in ripide colline o discese tecniche, questa bici \u00e8 il tuo compagno affidabile in ogni avventura.<\/span><\/p>\n<p>&nbsp;<\/p>\n<p><iframe loading=\"lazy\" title=\"2022 Sur ron Light Bee X Adult VTT Off Road Pit Bike Electrica Surron E-bike Bicycle With Pedal\" width=\"1290\" height=\"726\" src=\"https:\/\/www.youtube.com\/embed\/tNsou6lMVxc?feature=oembed\" frameborder=\"0\" allow=\"accelerometer; autoplay; clipboard-write; encrypted-media; gyroscope; picture-in-picture; web-share\" allowfullscreen><\/iframe><\/p>\n<p>&nbsp;<\/p>","protected":false},"excerpt":{"rendered":"<h3>Surron X Adult<\/h3>\n<h4><\/h4>\n<div class=\"attribute-list\">\n<div class=\"attribute-item\">\n<div class=\"left\">Ingranaggio: 3 velocit\u00e0<\/div>\n<\/div>\n<div class=\"attribute-item\">\n<div class=\"left\">Materiale della struttura: Lega di alluminio<\/div>\n<\/div>\n<div class=\"attribute-item\">\n<div class=\"left\">Formato della rotella: 19&#8243;<\/div>\n<\/div>\n<div class=\"attribute-item\">\n<div class=\"left\">Tensione: 60V<\/div>\n<\/div>\n<div class=\"attribute-item\">\n<div class=\"left\">Alimentazione elettrica: Batteria al litio<\/div>\n<\/div>\n<div class=\"attribute-item\">\n<div class=\"left\">Sistema di frenatura: Freno a disco<\/div>\n<\/div>\n<div class=\"attribute-item\">\n<div class=\"left\">Battery Capacity: 38.5AH<\/div>\n<\/div>\n<\/div>\n<h4><span style=\"font-size: 16px;\">Coppia<\/span>: <span style=\"font-size: 16px;\">250 Nm<\/span><\/h4>\n<div class=\"attribute-list\">\n<div class=\"attribute-item\">\n<div class=\"left\">Tempo di carico: &gt; 3 ore<\/div>\n<\/div>\n<div class=\"attribute-item\">\n<div class=\"left\">Motor position: Motore centrale<\/div>\n<\/div>\n<div class=\"attribute-item\">\n<div class=\"left\">La Posizione della batteria: Batteria integrata<\/div>\n<\/div>\n<div class=\"attribute-item\">\n<div class=\"left\">Larghezza del pneumatico: 19*2.75&#8243;<\/div>\n<\/div>\n<div class=\"attribute-item\">\n<div class=\"left\">Gamma per potere: &gt; 60 chilometri<\/div>\n<\/div>\n<div class=\"attribute-item\">\n<div class=\"left\">Velocit\u00e0 massima: &gt; 50km \/ h<\/div>\n<\/div>\n<div class=\"attribute-item\">\n<div class=\"left\">Stile:\u00a0Tipo S<\/div>\n<\/div>\n<div class=\"attribute-item\">\n<div class=\"left\">Velocit\u00e0 massima: 75 KM\/H<\/div>\n<\/div>\n<div class=\"attribute-item\">\n<div class=\"left\">Angolo di arrampicata: 35 \u00b0<\/div>\n<\/div>\n<div class=\"attribute-item\">\n<div class=\"left\">Resistenza: 120km (25 KM\/H di velocit\u00e0)<\/div>\n<\/div>\n<div class=\"attribute-item\">\n<div class=\"left\">Tempo di ricarica: 4H<\/div>\n<\/div>\n<div class=\"attribute-item\">\n<div class=\"left\">Motore: 60V 6000w<\/div>\n<\/div>\n<div class=\"attribute-item\">\n<div class=\"left\">Batteria al litio 60V 38.5Ah<\/div>\n<\/div>\n<div class=\"attribute-item\">\n<div class=\"left\">Materiale del telaio: Alluminio<\/div>\n<\/div>\n<div class=\"attribute-item\">\n<div class=\"left\">Peso del veicolo: 40kg (batteria esclusa)<\/div>\n<\/div>\n<\/div>\n<p>&nbsp;<\/p>","protected":false},"featured_media":19858,"template":"","meta":[],"product_brand":[1245,966],"product_cat":[877],"product_tag":[125,737,195,968],"class_list":{"0":"post-6673","1":"product","2":"type-product","3":"status-publish","4":"has-post-thumbnail","6":"product_brand-admintjet","7":"product_brand-secutronik","8":"product_cat-electric-motorcycles","9":"product_tag-ebike","10":"product_tag-setro","11":"product_tag-surron","12":"product_tag-surron-x","13":"product_shipping_class-moto-gabbia","14":"pa_surron-x-surron-x-black","15":"pa_surron-x-surron-x-blue","16":"pa_surron-x-surron-x-green","17":"pa_surron-x-surron-x-red","18":"pa_surron-x-surron-x-yallow","20":"first","21":"instock","22":"taxable","23":"shipping-taxable","24":"purchasable","25":"product-type-variable"},"featured_image_urls_v2":{"full":["https:\/\/ebikehps.eu\/wp-content\/uploads\/2023\/07\/24_Surron_desk2.jpg",1000,1000,false],"thumbnail":["https:\/\/ebikehps.eu\/wp-content\/uploads\/2023\/07\/24_Surron_desk2-150x150.jpg",150,150,true],"medium":["https:\/\/ebikehps.eu\/wp-content\/uploads\/2023\/07\/24_Surron_desk2-300x300.jpg",300,300,true],"medium_large":["https:\/\/ebikehps.eu\/wp-content\/uploads\/2023\/07\/24_Surron_desk2-768x768.jpg",768,768,true],"large":["https:\/\/ebikehps.eu\/wp-content\/uploads\/2023\/07\/24_Surron_desk2.jpg",440,440,false],"1536x1536":["https:\/\/ebikehps.eu\/wp-content\/uploads\/2023\/07\/24_Surron_desk2.jpg",1000,1000,false],"2048x2048":["https:\/\/ebikehps.eu\/wp-content\/uploads\/2023\/07\/24_Surron_desk2.jpg",1000,1000,false],"trp-custom-language-flag":["https:\/\/ebikehps.eu\/wp-content\/uploads\/2023\/07\/24_Surron_desk2-12x12.jpg",12,12,true],"woocommerce_archive_thumbnail":["https:\/\/ebikehps.eu\/wp-content\/uploads\/2023\/07\/24_Surron_desk2.jpg",300,300,false],"mailpoet_newsletter_max":["https:\/\/ebikehps.eu\/wp-content\/uploads\/2023\/07\/24_Surron_desk2.jpg",1000,1000,false],"woocommerce_thumbnail":["https:\/\/ebikehps.eu\/wp-content\/uploads\/2023\/07\/24_Surron_desk2-150x150.jpg",150,150,true],"woocommerce_single":["https:\/\/ebikehps.eu\/wp-content\/uploads\/2023\/07\/24_Surron_desk2-400x400.jpg",400,400,true],"woocommerce_gallery_thumbnail":["https:\/\/ebikehps.eu\/wp-content\/uploads\/2023\/07\/24_Surron_desk2-100x100.jpg",100,100,true]},"post_excerpt_stackable_v2":"<h3>Surron X Adult<\/h3>\n<h4><\/h4>\n<div class=\"attribute-list\">\n<div class=\"attribute-item\">\n<div class=\"left\">Ingranaggio: 3 velocit\u00e0<\/div>\n<\/div>\n<div class=\"attribute-item\">\n<div class=\"left\">Materiale della struttura: Lega di alluminio<\/div>\n<\/div>\n<div class=\"attribute-item\">\n<div class=\"left\">Formato della rotella: 19&#8243;<\/div>\n<\/div>\n<div class=\"attribute-item\">\n<div class=\"left\">Tensione: 60V<\/div>\n<\/div>\n<div class=\"attribute-item\">\n<div class=\"left\">Alimentazione elettrica: Batteria al litio<\/div>\n<\/div>\n<div class=\"attribute-item\">\n<div class=\"left\">Sistema di frenatura: Freno a disco<\/div>\n<\/div>\n<div class=\"attribute-item\">\n<div class=\"left\">Battery Capacity: 38.5AH<\/div>\n<\/div>\n<\/div>\n<h4><span style=\"font-size: 16px;\">Coppia<\/span>: <span style=\"font-size: 16px;\">250 Nm<\/span><\/h4>\n<div class=\"attribute-list\">\n<div class=\"attribute-item\">\n<div class=\"left\">Tempo di carico: &gt; 3 ore<\/div>\n<\/div>\n<div class=\"attribute-item\">\n<div class=\"left\">Motor position: Motore centrale<\/div>\n<\/div>\n<div class=\"attribute-item\">\n<div class=\"left\">La Posizione della batteria: Batteria integrata<\/div>\n<\/div>\n<div class=\"attribute-item\">\n<div class=\"left\">Larghezza del pneumatico: 19*2.75&#8243;<\/div>\n<\/div>\n<div class=\"attribute-item\">\n<div class=\"left\">Gamma per potere: &gt; 60 chilometri<\/div>\n<\/div>\n<div class=\"attribute-item\">\n<div class=\"left\">Velocit\u00e0 massima: &gt; 50km \/ h<\/div>\n<\/div>\n<div class=\"attribute-item\">\n<div class=\"left\">Stile:\u00a0Tipo S<\/div>\n<\/div>\n<div class=\"attribute-item\">\n<div class=\"left\">Velocit\u00e0 massima: 75 KM\/H<\/div>\n<\/div>\n<div class=\"attribute-item\">\n<div class=\"left\">Angolo di arrampicata: 35 \u00b0<\/div>\n<\/div>\n<div class=\"attribute-item\">\n<div class=\"left\">Resistenza: 120km (25 KM\/H di velocit\u00e0)<\/div>\n<\/div>\n<div class=\"attribute-item\">\n<div class=\"left\">Tempo di ricarica: 4H<\/div>\n<\/div>\n<div class=\"attribute-item\">\n<div class=\"left\">Motore: 60V 6000w<\/div>\n<\/div>\n<div class=\"attribute-item\">\n<div class=\"left\">Batteria al litio 60V 38.5Ah<\/div>\n<\/div>\n<div class=\"attribute-item\">\n<div class=\"left\">Materiale del telaio: Alluminio<\/div>\n<\/div>\n<div class=\"attribute-item\">\n<div class=\"left\">Peso del veicolo: 40kg (batteria esclusa)<\/div>\n<\/div>\n<\/div>\n<p>&nbsp;<\/p>\n","category_list_v2":"","author_info_v2":{"name":"","url":""},"comments_num_v2":"0 comments","_links":{"self":[{"href":"https:\/\/ebikehps.eu\/en\/wp-json\/wp\/v2\/product\/6673","targetHints":{"allow":["GET"]}}],"collection":[{"href":"https:\/\/ebikehps.eu\/en\/wp-json\/wp\/v2\/product"}],"about":[{"href":"https:\/\/ebikehps.eu\/en\/wp-json\/wp\/v2\/types\/product"}],"wp:featuredmedia":[{"embeddable":true,"href":"https:\/\/ebikehps.eu\/en\/wp-json\/wp\/v2\/media\/19858"}],"wp:attachment":[{"href":"https:\/\/ebikehps.eu\/en\/wp-json\/wp\/v2\/media?parent=6673"}],"wp:term":[{"taxonomy":"product_brand","embeddable":true,"href":"https:\/\/ebikehps.eu\/en\/wp-json\/wp\/v2\/product_brand?post=6673"},{"taxonomy":"product_cat","embeddable":true,"href":"https:\/\/ebikehps.eu\/en\/wp-json\/wp\/v2\/product_cat?post=6673"},{"taxonomy":"product_tag","embeddable":true,"href":"https:\/\/ebikehps.eu\/en\/wp-json\/wp\/v2\/product_tag?post=6673"}],"curies":[{"name":"wp","href":"https:\/\/api.w.org\/{rel}","templated":true}]}}