{"id":6681,"date":"2023-07-08T08:42:00","date_gmt":"2023-07-08T08:42:00","guid":{"rendered":"https:\/\/ebikehps.eu\/?post_type=product&#038;p=6681"},"modified":"2025-11-25T20:48:26","modified_gmt":"2025-11-25T19:48:26","slug":"stealth-bomber","status":"publish","type":"product","link":"https:\/\/ebikehps.eu\/en\/shop\/electric-bike\/stealth-bomber\/","title":{"rendered":"Stealth Bomber"},"content":{"rendered":"<p><strong>HPS1018EB &#8211; Stealth Bomber Bike<\/strong><\/p>\n<p>Questo Stealth Bomber Bike pu\u00f2 raggiungere una velocit\u00e0 massima di 50 mph (3000 W)\u00a0 in modalit\u00e0 gara e offre 45 miglia di autonomia con una singola carica, prestazioni pi\u00f9 perforanti si ottengono con potenze da 5000 Watt e da 8000 Watt. A scelta batterie Samsung da 25 Ah oppure batterie Panasonic a litio da 40 Ah. Inoltre, la sella pu\u00f2 essere in stile bicicletta oppure in stile da motocross.<\/p>\n<p>In termini di aspetto, forse non pensi che sia una bicicletta, ma una motocicletta elettrica, i parametri sono:<\/p>\n<ul>\n<li>Potenza del motore: la massima potenza \u00e8 di 3000 W ( 5 kW 8 kW opzionale )<\/li>\n<li>Robusto: questa bici elettronica \u00e8 molto robusta, impermeabile e anti-spazzatura, ecc.<\/li>\n<li>Velocit\u00e0: la velocit\u00e0 massima \u00e8 di 80 chilometri all&#8217;ora, offrendo un&#8217;esperienza ad alta velocit\u00e0 incomparabile e massima a 100 km\/h con la potenza da 8000 Watt.<\/li>\n<li>Mantenibilit\u00e0: molto solida, sostanzialmente non \u00e8 necessario spendere soldi per fare manutenzione.<\/li>\n<li>Batteria: 72V 26AH Samsung Batteria agli ioni di litio, pu\u00f2 essere caricata almeno 1000 volte (Oppure Panasonic da 40Ah).<\/li>\n<\/ul>\n<p>Inoltre, il pacchetto della bici elettrica invisibile include kit motore, ruota anteriore con pneumatico, kit telaio bicicletta, forcella anteriore, parti per il collegamento del telaio e della forcella, sospensione posteriore, Sistema frenante idraulico, Ruota a catena, guarnitura, set manubrio zoom, sedile e video per il montaggio della bici elettrica Stealth Bomber.<\/p>\n<p>Varianti disponibili in vari colori (bianco, nero) e sella stile bici e motocross.<\/p>\n<p><iframe loading=\"lazy\" title=\"50 Mph Stealth Bomber 72V 8000W Offroad Stealth H 52 B 52 Mountain E Bike Electric Bicycle\" width=\"1290\" height=\"726\" src=\"https:\/\/www.youtube.com\/embed\/wqdfB9ptzjw?feature=oembed\" frameborder=\"0\" allow=\"accelerometer; autoplay; clipboard-write; encrypted-media; gyroscope; picture-in-picture; web-share\" allowfullscreen><\/iframe><\/p>","protected":false},"excerpt":{"rendered":"<h3>Stealth Bomber Bike<\/h3>\n<p>La Stealth Bomber utilizza un motore a mozzo CC brushless ad alta coppia da 3000 W &#8211; 5000 W &#8211; 8000 W. I suoi vantaggi sono: attrito ridotto, basso rumore, bassa interferenza e nessuna scintilla, bassi costi di manutenzione, lunga durata, buon effetto di controllo, dimensioni del motore ridotte, alta efficienza del motore e forte capacit\u00e0 di sovraccarico.<\/p>\n<dl class=\"do-entry-item\">\n<dt class=\"do-entry-item\" data-spm-anchor-id=\"a2700.wholesale.prilinga1e.i1.68d122e1PXoVZu\"><span class=\"attr-name J-attr-name\" title=\"Potenza\" data-spm-anchor-id=\"a2700.wholesale.prilinga1e.i6.68d122e1PXoVZu\">Potenza:\u00a0<\/span>3000w-5000w-8000w<\/dt>\n<dt class=\"do-entry-item\" data-spm-anchor-id=\"a2700.wholesale.prilinga1e.i1.68d122e1PXoVZu\"><span class=\"attr-name J-attr-name\" title=\"Tensione\">Tensione:\u00a0<\/span>72V<\/dt>\n<dt class=\"do-entry-item\" data-spm-anchor-id=\"a2700.wholesale.prilinga1e.i1.68d122e1PXoVZu\"><span class=\"attr-name J-attr-name\" title=\"Alimentatore\">Alimentatore:\u00a0<\/span>Batteria Samsung da 26 Ah\u00a0 (accessorio batteria Panasonic da 40 Ah al litio)<\/dt>\n<dt class=\"do-entry-item\" data-spm-anchor-id=\"a2700.wholesale.prilinga1e.i1.68d122e1PXoVZu\"><span class=\"attr-name J-attr-name\" title=\"Dimensione della ruota\">Dimensione della ruota:\u00a0<\/span>26 * 2.6 &#8220;( 3.0 Opzione )<\/dt>\n<dt class=\"do-entry-item\" data-spm-anchor-id=\"a2700.wholesale.prilinga1e.i1.68d122e1PXoVZu\"><span class=\"attr-name J-attr-name\" title=\"Motore\">Motore:\u00a0<\/span>Brushless<\/dt>\n<dt class=\"do-entry-item\" data-spm-anchor-id=\"a2700.wholesale.prilinga1e.i1.68d122e1PXoVZu\"><span class=\"attr-name J-attr-name\" title=\"Certificazione\">Certificazione:\u00a0<\/span>CE, RoHS<\/dt>\n<dt class=\"do-entry-item\" data-spm-anchor-id=\"a2700.wholesale.prilinga1e.i1.68d122e1PXoVZu\"><span class=\"attr-name J-attr-name\" title=\"Materiale telaio\">Materiale telaio:\u00a0<\/span>Acciaio<\/dt>\n<dt class=\"do-entry-item\" data-spm-anchor-id=\"a2700.wholesale.prilinga1e.i1.68d122e1PXoVZu\"><span class=\"attr-name J-attr-name\" title=\"Velocit\u00e0 massima\">Velocit\u00e0 massima: <\/span>70-100 km \/ h<\/dt>\n<dt class=\"do-entry-item\" data-spm-anchor-id=\"a2700.wholesale.prilinga1e.i1.68d122e1PXoVZu\">(Velocit\u00e0 massima in relazione alla potenza)<\/dt>\n<dt class=\"do-entry-item\" data-spm-anchor-id=\"a2700.wholesale.prilinga1e.i1.68d122e1PXoVZu\"><span class=\"attr-name J-attr-name\" title=\"Gamma per potenza\">Autonomia (valore medio): <\/span>80 km<\/dt>\n<dt class=\"do-entry-item\" data-spm-anchor-id=\"a2700.wholesale.prilinga1e.i1.68d122e1PXoVZu\">Colori a scelta: bianco, rosso e nero<\/dt>\n<dt class=\"do-entry-item\" data-spm-anchor-id=\"a2700.wholesale.prilinga1e.i1.68d122e1PXoVZu\">Sella: sella da bike (in stile motocross accessorio)<\/dt>\n<\/dl>","protected":false},"featured_media":19717,"template":"","meta":[],"product_brand":[966],"product_cat":[1223],"product_tag":[125,188,209],"class_list":{"0":"post-6681","1":"product","2":"type-product","3":"status-publish","4":"has-post-thumbnail","6":"product_brand-secutronik","7":"product_cat-electric-bike","8":"product_tag-ebike","9":"product_tag-secutronik","10":"product_tag-stealth-bomber","11":"product_shipping_class-standard","12":"pa_stealth-bomber-3000-w-panasonic-72v-40ah-lt","13":"pa_stealth-bomber-3000-w-samsung-72v-26ah","14":"pa_stealth-bomber-5000-w-panasonic-72v-40ah-lt","15":"pa_stealth-bomber-5000-w-samsung-72v-26ah","16":"pa_stealth-bomber-8000-w-panasonic-72v-40ah-lt","17":"pa_stealth-bomber-8000-w-samsung-72v-26ah","19":"first","20":"instock","21":"taxable","22":"shipping-taxable","23":"purchasable","24":"product-type-variable"},"featured_image_urls_v2":{"full":["https:\/\/ebikehps.eu\/wp-content\/uploads\/2023\/07\/24_StealthB_2.jpg",800,800,false],"thumbnail":["https:\/\/ebikehps.eu\/wp-content\/uploads\/2023\/07\/24_StealthB_2-150x150.jpg",150,150,true],"medium":["https:\/\/ebikehps.eu\/wp-content\/uploads\/2023\/07\/24_StealthB_2-300x300.jpg",300,300,true],"medium_large":["https:\/\/ebikehps.eu\/wp-content\/uploads\/2023\/07\/24_StealthB_2-768x768.jpg",768,768,true],"large":["https:\/\/ebikehps.eu\/wp-content\/uploads\/2023\/07\/24_StealthB_2.jpg",440,440,false],"1536x1536":["https:\/\/ebikehps.eu\/wp-content\/uploads\/2023\/07\/24_StealthB_2.jpg",800,800,false],"2048x2048":["https:\/\/ebikehps.eu\/wp-content\/uploads\/2023\/07\/24_StealthB_2.jpg",800,800,false],"trp-custom-language-flag":["https:\/\/ebikehps.eu\/wp-content\/uploads\/2023\/07\/24_StealthB_2-12x12.jpg",12,12,true],"woocommerce_archive_thumbnail":["https:\/\/ebikehps.eu\/wp-content\/uploads\/2023\/07\/24_StealthB_2.jpg",300,300,false],"mailpoet_newsletter_max":["https:\/\/ebikehps.eu\/wp-content\/uploads\/2023\/07\/24_StealthB_2.jpg",800,800,false],"woocommerce_thumbnail":["https:\/\/ebikehps.eu\/wp-content\/uploads\/2023\/07\/24_StealthB_2-150x150.jpg",150,150,true],"woocommerce_single":["https:\/\/ebikehps.eu\/wp-content\/uploads\/2023\/07\/24_StealthB_2-400x400.jpg",400,400,true],"woocommerce_gallery_thumbnail":["https:\/\/ebikehps.eu\/wp-content\/uploads\/2023\/07\/24_StealthB_2-100x100.jpg",100,100,true]},"post_excerpt_stackable_v2":"<h3>Stealth Bomber Bike<\/h3>\n<p>La Stealth Bomber utilizza un motore a mozzo CC brushless ad alta coppia da 3000 W &#8211; 5000 W &#8211; 8000 W. I suoi vantaggi sono: attrito ridotto, basso rumore, bassa interferenza e nessuna scintilla, bassi costi di manutenzione, lunga durata, buon effetto di controllo, dimensioni del motore ridotte, alta efficienza del motore e forte capacit\u00e0 di sovraccarico.<\/p>\n<dl class=\"do-entry-item\">\n<dt class=\"do-entry-item\" data-spm-anchor-id=\"a2700.wholesale.prilinga1e.i1.68d122e1PXoVZu\"><span class=\"attr-name J-attr-name\" title=\"Potenza\" data-spm-anchor-id=\"a2700.wholesale.prilinga1e.i6.68d122e1PXoVZu\">Potenza:\u00a0<\/span>3000w-5000w-8000w<\/dt>\n<dt class=\"do-entry-item\" data-spm-anchor-id=\"a2700.wholesale.prilinga1e.i1.68d122e1PXoVZu\"><span class=\"attr-name J-attr-name\" title=\"Tensione\">Tensione:\u00a0<\/span>72V<\/dt>\n<dt class=\"do-entry-item\" data-spm-anchor-id=\"a2700.wholesale.prilinga1e.i1.68d122e1PXoVZu\"><span class=\"attr-name J-attr-name\" title=\"Alimentatore\">Alimentatore:\u00a0<\/span>Batteria Samsung da 26 Ah\u00a0 (accessorio batteria Panasonic da 40 Ah al litio)<\/dt>\n<dt class=\"do-entry-item\" data-spm-anchor-id=\"a2700.wholesale.prilinga1e.i1.68d122e1PXoVZu\"><span class=\"attr-name J-attr-name\" title=\"Dimensione della ruota\">Dimensione della ruota:\u00a0<\/span>26 * 2.6 &#8220;( 3.0 Opzione )<\/dt>\n<dt class=\"do-entry-item\" data-spm-anchor-id=\"a2700.wholesale.prilinga1e.i1.68d122e1PXoVZu\"><span class=\"attr-name J-attr-name\" title=\"Motore\">Motore:\u00a0<\/span>Brushless<\/dt>\n<dt class=\"do-entry-item\" data-spm-anchor-id=\"a2700.wholesale.prilinga1e.i1.68d122e1PXoVZu\"><span class=\"attr-name J-attr-name\" title=\"Certificazione\">Certificazione:\u00a0<\/span>CE, RoHS<\/dt>\n<dt class=\"do-entry-item\" data-spm-anchor-id=\"a2700.wholesale.prilinga1e.i1.68d122e1PXoVZu\"><span class=\"attr-name J-attr-name\" title=\"Materiale telaio\">Materiale telaio:\u00a0<\/span>Acciaio<\/dt>\n<dt class=\"do-entry-item\" data-spm-anchor-id=\"a2700.wholesale.prilinga1e.i1.68d122e1PXoVZu\"><span class=\"attr-name J-attr-name\" title=\"Velocit\u00e0 massima\">Velocit\u00e0 massima: <\/span>70-100 km \/ h<\/dt>\n<dt class=\"do-entry-item\" data-spm-anchor-id=\"a2700.wholesale.prilinga1e.i1.68d122e1PXoVZu\">(Velocit\u00e0 massima in relazione alla potenza)<\/dt>\n<dt class=\"do-entry-item\" data-spm-anchor-id=\"a2700.wholesale.prilinga1e.i1.68d122e1PXoVZu\"><span class=\"attr-name J-attr-name\" title=\"Gamma per potenza\">Autonomia (valore medio): <\/span>80 km<\/dt>\n<dt class=\"do-entry-item\" data-spm-anchor-id=\"a2700.wholesale.prilinga1e.i1.68d122e1PXoVZu\">Colori a scelta: bianco, rosso e nero<\/dt>\n<dt class=\"do-entry-item\" data-spm-anchor-id=\"a2700.wholesale.prilinga1e.i1.68d122e1PXoVZu\">Sella: sella da bike (in stile motocross accessorio)<\/dt>\n<\/dl>\n","category_list_v2":"","author_info_v2":{"name":"","url":""},"comments_num_v2":"0 comments","_links":{"self":[{"href":"https:\/\/ebikehps.eu\/en\/wp-json\/wp\/v2\/product\/6681","targetHints":{"allow":["GET"]}}],"collection":[{"href":"https:\/\/ebikehps.eu\/en\/wp-json\/wp\/v2\/product"}],"about":[{"href":"https:\/\/ebikehps.eu\/en\/wp-json\/wp\/v2\/types\/product"}],"wp:featuredmedia":[{"embeddable":true,"href":"https:\/\/ebikehps.eu\/en\/wp-json\/wp\/v2\/media\/19717"}],"wp:attachment":[{"href":"https:\/\/ebikehps.eu\/en\/wp-json\/wp\/v2\/media?parent=6681"}],"wp:term":[{"taxonomy":"product_brand","embeddable":true,"href":"https:\/\/ebikehps.eu\/en\/wp-json\/wp\/v2\/product_brand?post=6681"},{"taxonomy":"product_cat","embeddable":true,"href":"https:\/\/ebikehps.eu\/en\/wp-json\/wp\/v2\/product_cat?post=6681"},{"taxonomy":"product_tag","embeddable":true,"href":"https:\/\/ebikehps.eu\/en\/wp-json\/wp\/v2\/product_tag?post=6681"}],"curies":[{"name":"wp","href":"https:\/\/api.w.org\/{rel}","templated":true}]}}